{"id":67,"date":"2018-09-03T17:05:35","date_gmt":"2018-09-03T15:05:35","guid":{"rendered":"http:\/\/demojoseppons.com\/servicios\/?page_id=67"},"modified":"2025-12-24T13:35:39","modified_gmt":"2025-12-24T12:35:39","slug":"consulting-de-imagen-personal-josep-pons","status":"publish","type":"page","link":"https:\/\/joseppons.com\/servicios\/consulting-de-imagen-personal-josep-pons\/","title":{"rendered":"Consulting de imagen personal Josep Pons"},"content":{"rendered":"\t\t<div data-elementor-type=\"wp-post\" data-elementor-id=\"67\" class=\"elementor elementor-67\" data-elementor-post-type=\"page\">\n\t\t\t\t\t\t<section class=\"elementor-section elementor-top-section elementor-element elementor-element-40f532ab elementor-section-height-min-height elementor-section-boxed elementor-section-height-default elementor-section-items-middle\" data-id=\"40f532ab\" data-element_type=\"section\" data-settings=\"{&quot;background_background&quot;:&quot;classic&quot;}\">\n\t\t\t\t\t\t<div class=\"elementor-container elementor-column-gap-default\">\n\t\t\t\t\t<div class=\"elementor-column elementor-col-50 elementor-top-column elementor-element elementor-element-71bbf72b\" data-id=\"71bbf72b\" data-element_type=\"column\">\n\t\t\t<div class=\"elementor-widget-wrap elementor-element-populated\">\n\t\t\t\t\t\t<div class=\"elementor-element elementor-element-688f1360 elementor-widget elementor-widget-heading\" data-id=\"688f1360\" data-element_type=\"widget\" data-widget_type=\"heading.default\">\n\t\t\t\t<div class=\"elementor-widget-container\">\n\t\t\t\t\t<h1 class=\"elementor-heading-title elementor-size-default\">CONSULTING DE IMAGEN PERSONAL\nJOSEP PONS<\/h1>\t\t\t\t<\/div>\n\t\t\t\t<\/div>\n\t\t\t\t\t<\/div>\n\t\t<\/div>\n\t\t\t\t<div class=\"elementor-column elementor-col-50 elementor-top-column elementor-element elementor-element-688aa17a\" data-id=\"688aa17a\" data-element_type=\"column\">\n\t\t\t<div class=\"elementor-widget-wrap\">\n\t\t\t\t\t\t\t<\/div>\n\t\t<\/div>\n\t\t\t\t\t<\/div>\n\t\t<\/section>\n\t\t\t\t<section class=\"elementor-section elementor-top-section elementor-element elementor-element-7667c353 elementor-section-full_width elementor-section-height-default elementor-section-height-default\" data-id=\"7667c353\" data-element_type=\"section\">\n\t\t\t\t\t\t<div class=\"elementor-container elementor-column-gap-no\">\n\t\t\t\t\t<div class=\"elementor-column elementor-col-100 elementor-top-column elementor-element elementor-element-5a5889e9\" data-id=\"5a5889e9\" data-element_type=\"column\">\n\t\t\t<div class=\"elementor-widget-wrap elementor-element-populated\">\n\t\t\t\t\t\t<div class=\"elementor-element elementor-element-340fdf4e elementor-widget elementor-widget-google_maps\" data-id=\"340fdf4e\" data-element_type=\"widget\" data-widget_type=\"google_maps.default\">\n\t\t\t\t<div class=\"elementor-widget-container\">\n\t\t\t\t\t\t\t<div class=\"elementor-custom-embed\">\n\t\t\t<iframe loading=\"lazy\"\n\t\t\t\t\tsrc=\"https:\/\/maps.google.com\/maps?q=C%2FLoreto%2046.%2008029%20Barcelona&#038;t=m&#038;z=16&#038;output=embed&#038;iwloc=near\"\n\t\t\t\t\ttitle=\"C\/Loreto 46. 08029 Barcelona\"\n\t\t\t\t\taria-label=\"C\/Loreto 46. 08029 Barcelona\"\n\t\t\t><\/iframe>\n\t\t<\/div>\n\t\t\t\t\t\t<\/div>\n\t\t\t\t<\/div>\n\t\t\t\t\t<\/div>\n\t\t<\/div>\n\t\t\t\t\t<\/div>\n\t\t<\/section>\n\t\t\t\t<section class=\"elementor-section elementor-top-section elementor-element elementor-element-62e1f0a6 elementor-section-boxed elementor-section-height-default elementor-section-height-default\" data-id=\"62e1f0a6\" data-element_type=\"section\" data-settings=\"{&quot;background_background&quot;:&quot;classic&quot;}\">\n\t\t\t\t\t\t<div class=\"elementor-container elementor-column-gap-wider\">\n\t\t\t\t\t<div class=\"elementor-column elementor-col-50 elementor-top-column elementor-element elementor-element-4edf399e\" data-id=\"4edf399e\" data-element_type=\"column\">\n\t\t\t<div class=\"elementor-widget-wrap elementor-element-populated\">\n\t\t\t\t\t\t<div class=\"elementor-element elementor-element-753ec545 elementor-widget elementor-widget-heading\" data-id=\"753ec545\" data-element_type=\"widget\" data-widget_type=\"heading.default\">\n\t\t\t\t<div class=\"elementor-widget-container\">\n\t\t\t\t\t<h2 class=\"elementor-heading-title elementor-size-default\">CONSULTING DE IMAGEN PERSONAL\nJOSEP PONS<\/h2>\t\t\t\t<\/div>\n\t\t\t\t<\/div>\n\t\t\t\t<div class=\"elementor-element elementor-element-71e74f78 elementor-widget elementor-widget-heading\" data-id=\"71e74f78\" data-element_type=\"widget\" data-widget_type=\"heading.default\">\n\t\t\t\t<div class=\"elementor-widget-container\">\n\t\t\t\t\t<p class=\"elementor-heading-title elementor-size-default\">Un <b>equipo de profesionales especializados<\/b> en <b>asesor\u00eda de imagen personal y corporativa<\/b> te ofrecer\u00e1n una carta de <b>servicios enfocados<\/b> no solamente a actualizar y sacarle el m\u00e1ximo partido a tu imagen sino que tambi\u00e9n te dar\u00e1n las herramientas para que puedas hacerlo t\u00fa mism@.<\/p>\t\t\t\t<\/div>\n\t\t\t\t<\/div>\n\t\t\t\t<div class=\"elementor-element elementor-element-2db114e2 elementor-widget elementor-widget-image\" data-id=\"2db114e2\" data-element_type=\"widget\" data-widget_type=\"image.default\">\n\t\t\t\t<div class=\"elementor-widget-container\">\n\t\t\t\t\t\t\t\t\t\t\t\t\t\t\t<img fetchpriority=\"high\" decoding=\"async\" width=\"800\" height=\"889\" src=\"https:\/\/joseppons.com\/servicios\/wp-content\/uploads\/2018\/09\/Recurso-10@2x.png\" class=\"attachment-large size-large wp-image-70\" alt=\"\" srcset=\"https:\/\/joseppons.com\/servicios\/wp-content\/uploads\/2018\/09\/Recurso-10@2x.png 1044w, https:\/\/joseppons.com\/servicios\/wp-content\/uploads\/2018\/09\/Recurso-10@2x-600x667.png 600w, https:\/\/joseppons.com\/servicios\/wp-content\/uploads\/2018\/09\/Recurso-10@2x-768x853.png 768w\" sizes=\"(max-width: 800px) 100vw, 800px\" \/>\t\t\t\t\t\t\t\t\t\t\t\t\t\t\t<\/div>\n\t\t\t\t<\/div>\n\t\t\t\t\t<\/div>\n\t\t<\/div>\n\t\t\t\t<div class=\"elementor-column elementor-col-50 elementor-top-column elementor-element elementor-element-2481377e\" data-id=\"2481377e\" data-element_type=\"column\">\n\t\t\t<div class=\"elementor-widget-wrap elementor-element-populated\">\n\t\t\t\t\t\t<section class=\"elementor-section elementor-inner-section elementor-element elementor-element-79cd2f08 elementor-section-boxed elementor-section-height-default elementor-section-height-default\" data-id=\"79cd2f08\" data-element_type=\"section\">\n\t\t\t\t\t\t<div class=\"elementor-container elementor-column-gap-default\">\n\t\t\t\t\t<div class=\"elementor-column elementor-col-50 elementor-inner-column elementor-element elementor-element-35f50c2e\" data-id=\"35f50c2e\" data-element_type=\"column\">\n\t\t\t<div class=\"elementor-widget-wrap elementor-element-populated\">\n\t\t\t\t\t\t<div class=\"elementor-element elementor-element-14ce70 elementor-widget elementor-widget-heading\" data-id=\"14ce70\" data-element_type=\"widget\" data-widget_type=\"heading.default\">\n\t\t\t\t<div class=\"elementor-widget-container\">\n\t\t\t\t\t<h3 class=\"elementor-heading-title elementor-size-default\">SERVICIOS<\/h3>\t\t\t\t<\/div>\n\t\t\t\t<\/div>\n\t\t\t\t<div class=\"elementor-element elementor-element-4ea2b928 elementor-icon-list--layout-traditional elementor-list-item-link-full_width elementor-widget elementor-widget-icon-list\" data-id=\"4ea2b928\" data-element_type=\"widget\" data-widget_type=\"icon-list.default\">\n\t\t\t\t<div class=\"elementor-widget-container\">\n\t\t\t\t\t\t\t<ul class=\"elementor-icon-list-items\">\n\t\t\t\t\t\t\t<li class=\"elementor-icon-list-item\">\n\t\t\t\t\t\t\t\t\t\t\t<span class=\"elementor-icon-list-icon\">\n\t\t\t\t\t\t\t\t\t\t\t\t\t\t\t\t<i class=\"fa fa-circle\" aria-hidden=\"true\"><\/i>\n\t\t\t\t\t\t\t\t\t\t\t\t\t<\/span>\n\t\t\t\t\t\t\t\t\t\t<span class=\"elementor-icon-list-text\">Asesor\u00eda y realizaci\u00f3n de imagen personal y corporativa<\/span>\n\t\t\t\t\t\t\t\t\t<\/li>\n\t\t\t\t\t\t\t\t<li class=\"elementor-icon-list-item\">\n\t\t\t\t\t\t\t\t\t\t\t<span class=\"elementor-icon-list-icon\">\n\t\t\t\t\t\t\t\t\t\t\t\t\t\t\t\t<i class=\"fa fa-circle\" aria-hidden=\"true\"><\/i>\n\t\t\t\t\t\t\t\t\t\t\t\t\t<\/span>\n\t\t\t\t\t\t\t\t\t\t<span class=\"elementor-icon-list-text\">Personal Shopping<\/span>\n\t\t\t\t\t\t\t\t\t<\/li>\n\t\t\t\t\t\t\t\t<li class=\"elementor-icon-list-item\">\n\t\t\t\t\t\t\t\t\t\t\t<span class=\"elementor-icon-list-icon\">\n\t\t\t\t\t\t\t\t\t\t\t\t\t\t\t\t<i class=\"fa fa-circle\" aria-hidden=\"true\"><\/i>\n\t\t\t\t\t\t\t\t\t\t\t\t\t<\/span>\n\t\t\t\t\t\t\t\t\t\t<span class=\"elementor-icon-list-text\">Image Coaching<\/span>\n\t\t\t\t\t\t\t\t\t<\/li>\n\t\t\t\t\t\t<\/ul>\n\t\t\t\t\t\t<\/div>\n\t\t\t\t<\/div>\n\t\t\t\t\t<\/div>\n\t\t<\/div>\n\t\t\t\t<div class=\"elementor-column elementor-col-50 elementor-inner-column elementor-element elementor-element-5a981960\" data-id=\"5a981960\" data-element_type=\"column\">\n\t\t\t<div class=\"elementor-widget-wrap elementor-element-populated\">\n\t\t\t\t\t\t<div class=\"elementor-element elementor-element-24ec72b2 elementor-widget elementor-widget-heading\" data-id=\"24ec72b2\" data-element_type=\"widget\" data-widget_type=\"heading.default\">\n\t\t\t\t<div class=\"elementor-widget-container\">\n\t\t\t\t\t<h3 class=\"elementor-heading-title elementor-size-default\">HORARIO<\/h3>\t\t\t\t<\/div>\n\t\t\t\t<\/div>\n\t\t\t\t<div class=\"elementor-element elementor-element-a908b7e elementor-widget elementor-widget-heading\" data-id=\"a908b7e\" data-element_type=\"widget\" data-widget_type=\"heading.default\">\n\t\t\t\t<div class=\"elementor-widget-container\">\n\t\t\t\t\t<p class=\"elementor-heading-title elementor-size-default\">De lunes a viernes  de <strong>9h a 19h<\/strong>.<\/p>\t\t\t\t<\/div>\n\t\t\t\t<\/div>\n\t\t\t\t<div class=\"elementor-element elementor-element-722f8971 elementor-align-left elementor-invisible elementor-widget elementor-widget-button\" data-id=\"722f8971\" data-element_type=\"widget\" data-settings=\"{&quot;_animation&quot;:&quot;fadeInDown&quot;}\" data-widget_type=\"button.default\">\n\t\t\t\t<div class=\"elementor-widget-container\">\n\t\t\t\t\t\t\t\t\t<div class=\"elementor-button-wrapper\">\n\t\t\t\t\t<a class=\"elementor-button elementor-button-link elementor-size-sm elementor-animation-grow\" href=\"tel:933215500\">\n\t\t\t\t\t\t<span class=\"elementor-button-content-wrapper\">\n\t\t\t\t\t\t<span class=\"elementor-button-icon\">\n\t\t\t\t\t\t\t\t\t<i class=\"fa fa-phone\" aria-hidden=\"true\"><\/i>\n\t\t\t\t\t\t\t<\/span>\n\t\t\t\t\t\t\t\t\t<span class=\"elementor-button-text\">LLAMAR<\/span>\n\t\t\t\t\t<\/span>\n\t\t\t\t\t<\/a>\n\t\t\t\t<\/div>\n\t\t\t\t\t\t\t\t<\/div>\n\t\t\t\t<\/div>\n\t\t\t\t\t<\/div>\n\t\t<\/div>\n\t\t\t\t\t<\/div>\n\t\t<\/section>\n\t\t\t\t<div class=\"elementor-element elementor-element-1b86fc0a elementor-widget elementor-widget-heading\" data-id=\"1b86fc0a\" data-element_type=\"widget\" data-widget_type=\"heading.default\">\n\t\t\t\t<div class=\"elementor-widget-container\">\n\t\t\t\t\t<h3 class=\"elementor-heading-title elementor-size-default\">\u00bfEN QU\u00c9 PODEMOS AYUDARTE?<\/h3>\t\t\t\t<\/div>\n\t\t\t\t<\/div>\n\t\t\t\t<div class=\"elementor-element elementor-element-762ac628 elementor-button-align-center elementor-widget elementor-widget-form\" data-id=\"762ac628\" data-element_type=\"widget\" data-settings=\"{&quot;step_next_label&quot;:&quot;Siguiente&quot;,&quot;step_previous_label&quot;:&quot;Anterior&quot;,&quot;button_width&quot;:&quot;100&quot;,&quot;step_type&quot;:&quot;number_text&quot;,&quot;step_icon_shape&quot;:&quot;circle&quot;}\" data-widget_type=\"form.default\">\n\t\t\t\t<div class=\"elementor-widget-container\">\n\t\t\t\t\t\t\t<form class=\"elementor-form\" method=\"post\" name=\"New Form\" aria-label=\"New Form\">\n\t\t\t<input type=\"hidden\" name=\"post_id\" value=\"67\"\/>\n\t\t\t<input type=\"hidden\" name=\"form_id\" value=\"762ac628\"\/>\n\t\t\t<input type=\"hidden\" name=\"referer_title\" value=\"Consulting de imagen personal Josep Pons - En manos de los mejores\" \/>\n\n\t\t\t\t\t\t\t<input type=\"hidden\" name=\"queried_id\" value=\"67\"\/>\n\t\t\t\n\t\t\t<div class=\"elementor-form-fields-wrapper elementor-labels-above\">\n\t\t\t\t\t\t\t\t<div class=\"elementor-field-type-text elementor-field-group elementor-column elementor-field-group-name elementor-col-100\">\n\t\t\t\t\t\t\t\t\t\t\t\t\t<input size=\"1\" type=\"text\" name=\"form_fields[name]\" id=\"form-field-name\" class=\"elementor-field elementor-size-sm  elementor-field-textual\" placeholder=\"NOMBRE\">\n\t\t\t\t\t\t\t\t\t\t\t<\/div>\n\t\t\t\t\t\t\t\t<div class=\"elementor-field-type-text elementor-field-group elementor-column elementor-field-group-37b8019 elementor-col-100\">\n\t\t\t\t\t\t\t\t\t\t\t\t\t<input size=\"1\" type=\"text\" name=\"form_fields[37b8019]\" id=\"form-field-37b8019\" class=\"elementor-field elementor-size-sm  elementor-field-textual\" placeholder=\"APELLIDOS\">\n\t\t\t\t\t\t\t\t\t\t\t<\/div>\n\t\t\t\t\t\t\t\t<div class=\"elementor-field-type-email elementor-field-group elementor-column elementor-field-group-email elementor-col-100 elementor-field-required\">\n\t\t\t\t\t\t\t\t\t\t\t\t\t<input size=\"1\" type=\"email\" name=\"form_fields[email]\" id=\"form-field-email\" class=\"elementor-field elementor-size-sm  elementor-field-textual\" placeholder=\"EMAIL\" required=\"required\">\n\t\t\t\t\t\t\t\t\t\t\t<\/div>\n\t\t\t\t\t\t\t\t<div class=\"elementor-field-type-number elementor-field-group elementor-column elementor-field-group-09c9e32 elementor-col-100 elementor-field-required\">\n\t\t\t\t\t\t\t\t<input type=\"number\" name=\"form_fields[09c9e32]\" id=\"form-field-09c9e32\" class=\"elementor-field elementor-size-sm  elementor-field-textual\" placeholder=\"TEL\u00c9FONO\" required=\"required\" min=\"\" max=\"\" >\n\t\t\t\t\t\t<\/div>\n\t\t\t\t\t\t\t\t<div class=\"elementor-field-type-textarea elementor-field-group elementor-column elementor-field-group-message elementor-col-100\">\n\t\t\t\t\t\t\t\t\t\t\t\t<label for=\"form-field-message\" class=\"elementor-field-label\">\n\t\t\t\t\t\t\t\tConsulta\t\t\t\t\t\t\t<\/label>\n\t\t\t\t\t\t<textarea class=\"elementor-field-textual elementor-field  elementor-size-sm\" name=\"form_fields[message]\" id=\"form-field-message\" rows=\"4\"><\/textarea>\t\t\t\t<\/div>\n\t\t\t\t\t\t\t\t<div class=\"elementor-field-type-acceptance elementor-field-group elementor-column elementor-field-group-33bfc98 elementor-col-100 elementor-field-required\">\n\t\t\t\t\t\t\t<div class=\"elementor-field-subgroup\">\n\t\t\t<span class=\"elementor-field-option\">\n\t\t\t\t<input type=\"checkbox\" name=\"form_fields[33bfc98]\" id=\"form-field-33bfc98\" class=\"elementor-field elementor-size-sm  elementor-acceptance-field\" required=\"required\">\n\t\t\t\t<label for=\"form-field-33bfc98\">He le\u00eddo y acepto la <a href=\"\">pol\u00edtica de privacidad<\/a>.*<\/label>\t\t\t<\/span>\n\t\t<\/div>\n\t\t\t\t\t\t<\/div>\n\t\t\t\t\t\t\t\t<div class=\"elementor-field-group elementor-column elementor-field-type-submit elementor-col-100 e-form__buttons\">\n\t\t\t\t\t<button class=\"elementor-button elementor-size-sm elementor-animation-grow\" type=\"submit\">\n\t\t\t\t\t\t<span class=\"elementor-button-content-wrapper\">\n\t\t\t\t\t\t\t\t\t\t\t\t\t\t\t\t\t\t\t\t\t\t<span class=\"elementor-button-text\">ENVIAR<\/span>\n\t\t\t\t\t\t\t\t\t\t\t\t\t<\/span>\n\t\t\t\t\t<\/button>\n\t\t\t\t<\/div>\n\t\t\t<\/div>\n\t\t<\/form>\n\t\t\t\t\t\t<\/div>\n\t\t\t\t<\/div>\n\t\t\t\t\t<\/div>\n\t\t<\/div>\n\t\t\t\t\t<\/div>\n\t\t<\/section>\n\t\t\t\t<\/div>\n\t\t","protected":false},"excerpt":{"rendered":"<p>CONSULTING DE IMAGEN PERSONAL JOSEP PONS CONSULTING DE IMAGEN PERSONAL JOSEP PONS Un equipo de profesionales especializados en asesor\u00eda de imagen personal y corporativa te ofrecer\u00e1n una carta de servicios enfocados no solamente a actualizar y sacarle el m\u00e1ximo partido a tu imagen sino que tambi\u00e9n te dar\u00e1n las herramientas para que puedas hacerlo t\u00fa [&hellip;]<\/p>\n","protected":false},"author":2,"featured_media":0,"parent":0,"menu_order":0,"comment_status":"closed","ping_status":"closed","template":"elementor_header_footer","meta":{"_joinchat":[],"footnotes":""},"class_list":["post-67","page","type-page","status-publish","hentry"],"yoast_head":"<!-- This site is optimized with the Yoast SEO plugin v26.6 - https:\/\/yoast.com\/wordpress\/plugins\/seo\/ -->\n<title>Consulting de imagen personal Josep Pons - En manos de los mejores<\/title>\n<meta name=\"description\" content=\"Consulting de Imagen Personal y Corporativa en el centro de Barcelona. Servicios de asesor\u00eda de imagen adaptados a tus necesidades.\" \/>\n<meta name=\"robots\" content=\"index, follow, max-snippet:-1, max-image-preview:large, max-video-preview:-1\" \/>\n<link rel=\"canonical\" href=\"https:\/\/joseppons.com\/servicios\/consulting-de-imagen-personal-josep-pons\/\" \/>\n<meta property=\"og:locale\" content=\"es_ES\" \/>\n<meta property=\"og:type\" content=\"article\" \/>\n<meta property=\"og:title\" content=\"Consulting de imagen personal Josep Pons - En manos de los mejores\" \/>\n<meta property=\"og:description\" content=\"Consulting de Imagen Personal y Corporativa en el centro de Barcelona. Servicios de asesor\u00eda de imagen adaptados a tus necesidades.\" \/>\n<meta property=\"og:url\" content=\"https:\/\/joseppons.com\/servicios\/consulting-de-imagen-personal-josep-pons\/\" \/>\n<meta property=\"og:site_name\" content=\"Josep Pons Servicios\" \/>\n<meta property=\"article:modified_time\" content=\"2025-12-24T12:35:39+00:00\" \/>\n<meta property=\"og:image\" content=\"https:\/\/joseppons.com\/servicios\/wp-content\/uploads\/2018\/09\/Recurso-10@2x.png\" \/>\n\t<meta property=\"og:image:width\" content=\"1044\" \/>\n\t<meta property=\"og:image:height\" content=\"1160\" \/>\n\t<meta property=\"og:image:type\" content=\"image\/png\" \/>\n<meta name=\"twitter:card\" content=\"summary_large_image\" \/>\n<meta name=\"twitter:label1\" content=\"Tiempo de lectura\" \/>\n\t<meta name=\"twitter:data1\" content=\"1 minuto\" \/>\n<script type=\"application\/ld+json\" class=\"yoast-schema-graph\">{\"@context\":\"https:\/\/schema.org\",\"@graph\":[{\"@type\":\"WebPage\",\"@id\":\"https:\/\/joseppons.com\/servicios\/consulting-de-imagen-personal-josep-pons\/\",\"url\":\"https:\/\/joseppons.com\/servicios\/consulting-de-imagen-personal-josep-pons\/\",\"name\":\"Consulting de imagen personal Josep Pons - En manos de los mejores\",\"isPartOf\":{\"@id\":\"https:\/\/joseppons.com\/servicios\/#website\"},\"primaryImageOfPage\":{\"@id\":\"https:\/\/joseppons.com\/servicios\/consulting-de-imagen-personal-josep-pons\/#primaryimage\"},\"image\":{\"@id\":\"https:\/\/joseppons.com\/servicios\/consulting-de-imagen-personal-josep-pons\/#primaryimage\"},\"thumbnailUrl\":\"https:\/\/joseppons.com\/servicios\/wp-content\/uploads\/2018\/09\/Recurso-10@2x.png\",\"datePublished\":\"2018-09-03T15:05:35+00:00\",\"dateModified\":\"2025-12-24T12:35:39+00:00\",\"description\":\"Consulting de Imagen Personal y Corporativa en el centro de Barcelona. Servicios de asesor\u00eda de imagen adaptados a tus necesidades.\",\"breadcrumb\":{\"@id\":\"https:\/\/joseppons.com\/servicios\/consulting-de-imagen-personal-josep-pons\/#breadcrumb\"},\"inLanguage\":\"es\",\"potentialAction\":[{\"@type\":\"ReadAction\",\"target\":[\"https:\/\/joseppons.com\/servicios\/consulting-de-imagen-personal-josep-pons\/\"]}]},{\"@type\":\"ImageObject\",\"inLanguage\":\"es\",\"@id\":\"https:\/\/joseppons.com\/servicios\/consulting-de-imagen-personal-josep-pons\/#primaryimage\",\"url\":\"https:\/\/joseppons.com\/servicios\/wp-content\/uploads\/2018\/09\/Recurso-10@2x.png\",\"contentUrl\":\"https:\/\/joseppons.com\/servicios\/wp-content\/uploads\/2018\/09\/Recurso-10@2x.png\"},{\"@type\":\"BreadcrumbList\",\"@id\":\"https:\/\/joseppons.com\/servicios\/consulting-de-imagen-personal-josep-pons\/#breadcrumb\",\"itemListElement\":[{\"@type\":\"ListItem\",\"position\":1,\"name\":\"Portada\",\"item\":\"https:\/\/joseppons.com\/servicios\/\"},{\"@type\":\"ListItem\",\"position\":2,\"name\":\"Consulting de imagen personal Josep Pons\"}]},{\"@type\":\"WebSite\",\"@id\":\"https:\/\/joseppons.com\/servicios\/#website\",\"url\":\"https:\/\/joseppons.com\/servicios\/\",\"name\":\"Josep Pons Servicios\",\"description\":\"\",\"publisher\":{\"@id\":\"https:\/\/joseppons.com\/servicios\/#organization\"},\"potentialAction\":[{\"@type\":\"SearchAction\",\"target\":{\"@type\":\"EntryPoint\",\"urlTemplate\":\"https:\/\/joseppons.com\/servicios\/?s={search_term_string}\"},\"query-input\":{\"@type\":\"PropertyValueSpecification\",\"valueRequired\":true,\"valueName\":\"search_term_string\"}}],\"inLanguage\":\"es\"},{\"@type\":\"Organization\",\"@id\":\"https:\/\/joseppons.com\/servicios\/#organization\",\"name\":\"Josep Pons Servicios\",\"url\":\"https:\/\/joseppons.com\/servicios\/\",\"logo\":{\"@type\":\"ImageObject\",\"inLanguage\":\"es\",\"@id\":\"https:\/\/joseppons.com\/servicios\/#\/schema\/logo\/image\/\",\"url\":\"https:\/\/joseppons.com\/servicios\/wp-content\/uploads\/2018\/09\/logo-josep-pons-servicios.svg\",\"contentUrl\":\"https:\/\/joseppons.com\/servicios\/wp-content\/uploads\/2018\/09\/logo-josep-pons-servicios.svg\",\"width\":1322,\"height\":500,\"caption\":\"Josep Pons Servicios\"},\"image\":{\"@id\":\"https:\/\/joseppons.com\/servicios\/#\/schema\/logo\/image\/\"}}]}<\/script>\n<!-- \/ Yoast SEO plugin. -->","yoast_head_json":{"title":"Consulting de imagen personal Josep Pons - En manos de los mejores","description":"Consulting de Imagen Personal y Corporativa en el centro de Barcelona. Servicios de asesor\u00eda de imagen adaptados a tus necesidades.","robots":{"index":"index","follow":"follow","max-snippet":"max-snippet:-1","max-image-preview":"max-image-preview:large","max-video-preview":"max-video-preview:-1"},"canonical":"https:\/\/joseppons.com\/servicios\/consulting-de-imagen-personal-josep-pons\/","og_locale":"es_ES","og_type":"article","og_title":"Consulting de imagen personal Josep Pons - En manos de los mejores","og_description":"Consulting de Imagen Personal y Corporativa en el centro de Barcelona. Servicios de asesor\u00eda de imagen adaptados a tus necesidades.","og_url":"https:\/\/joseppons.com\/servicios\/consulting-de-imagen-personal-josep-pons\/","og_site_name":"Josep Pons Servicios","article_modified_time":"2025-12-24T12:35:39+00:00","og_image":[{"width":1044,"height":1160,"url":"https:\/\/joseppons.com\/servicios\/wp-content\/uploads\/2018\/09\/Recurso-10@2x.png","type":"image\/png"}],"twitter_card":"summary_large_image","twitter_misc":{"Tiempo de lectura":"1 minuto"},"schema":{"@context":"https:\/\/schema.org","@graph":[{"@type":"WebPage","@id":"https:\/\/joseppons.com\/servicios\/consulting-de-imagen-personal-josep-pons\/","url":"https:\/\/joseppons.com\/servicios\/consulting-de-imagen-personal-josep-pons\/","name":"Consulting de imagen personal Josep Pons - En manos de los mejores","isPartOf":{"@id":"https:\/\/joseppons.com\/servicios\/#website"},"primaryImageOfPage":{"@id":"https:\/\/joseppons.com\/servicios\/consulting-de-imagen-personal-josep-pons\/#primaryimage"},"image":{"@id":"https:\/\/joseppons.com\/servicios\/consulting-de-imagen-personal-josep-pons\/#primaryimage"},"thumbnailUrl":"https:\/\/joseppons.com\/servicios\/wp-content\/uploads\/2018\/09\/Recurso-10@2x.png","datePublished":"2018-09-03T15:05:35+00:00","dateModified":"2025-12-24T12:35:39+00:00","description":"Consulting de Imagen Personal y Corporativa en el centro de Barcelona. Servicios de asesor\u00eda de imagen adaptados a tus necesidades.","breadcrumb":{"@id":"https:\/\/joseppons.com\/servicios\/consulting-de-imagen-personal-josep-pons\/#breadcrumb"},"inLanguage":"es","potentialAction":[{"@type":"ReadAction","target":["https:\/\/joseppons.com\/servicios\/consulting-de-imagen-personal-josep-pons\/"]}]},{"@type":"ImageObject","inLanguage":"es","@id":"https:\/\/joseppons.com\/servicios\/consulting-de-imagen-personal-josep-pons\/#primaryimage","url":"https:\/\/joseppons.com\/servicios\/wp-content\/uploads\/2018\/09\/Recurso-10@2x.png","contentUrl":"https:\/\/joseppons.com\/servicios\/wp-content\/uploads\/2018\/09\/Recurso-10@2x.png"},{"@type":"BreadcrumbList","@id":"https:\/\/joseppons.com\/servicios\/consulting-de-imagen-personal-josep-pons\/#breadcrumb","itemListElement":[{"@type":"ListItem","position":1,"name":"Portada","item":"https:\/\/joseppons.com\/servicios\/"},{"@type":"ListItem","position":2,"name":"Consulting de imagen personal Josep Pons"}]},{"@type":"WebSite","@id":"https:\/\/joseppons.com\/servicios\/#website","url":"https:\/\/joseppons.com\/servicios\/","name":"Josep Pons Servicios","description":"","publisher":{"@id":"https:\/\/joseppons.com\/servicios\/#organization"},"potentialAction":[{"@type":"SearchAction","target":{"@type":"EntryPoint","urlTemplate":"https:\/\/joseppons.com\/servicios\/?s={search_term_string}"},"query-input":{"@type":"PropertyValueSpecification","valueRequired":true,"valueName":"search_term_string"}}],"inLanguage":"es"},{"@type":"Organization","@id":"https:\/\/joseppons.com\/servicios\/#organization","name":"Josep Pons Servicios","url":"https:\/\/joseppons.com\/servicios\/","logo":{"@type":"ImageObject","inLanguage":"es","@id":"https:\/\/joseppons.com\/servicios\/#\/schema\/logo\/image\/","url":"https:\/\/joseppons.com\/servicios\/wp-content\/uploads\/2018\/09\/logo-josep-pons-servicios.svg","contentUrl":"https:\/\/joseppons.com\/servicios\/wp-content\/uploads\/2018\/09\/logo-josep-pons-servicios.svg","width":1322,"height":500,"caption":"Josep Pons Servicios"},"image":{"@id":"https:\/\/joseppons.com\/servicios\/#\/schema\/logo\/image\/"}}]}},"_links":{"self":[{"href":"https:\/\/joseppons.com\/servicios\/wp-json\/wp\/v2\/pages\/67","targetHints":{"allow":["GET"]}}],"collection":[{"href":"https:\/\/joseppons.com\/servicios\/wp-json\/wp\/v2\/pages"}],"about":[{"href":"https:\/\/joseppons.com\/servicios\/wp-json\/wp\/v2\/types\/page"}],"author":[{"embeddable":true,"href":"https:\/\/joseppons.com\/servicios\/wp-json\/wp\/v2\/users\/2"}],"replies":[{"embeddable":true,"href":"https:\/\/joseppons.com\/servicios\/wp-json\/wp\/v2\/comments?post=67"}],"version-history":[{"count":7,"href":"https:\/\/joseppons.com\/servicios\/wp-json\/wp\/v2\/pages\/67\/revisions"}],"predecessor-version":[{"id":3660,"href":"https:\/\/joseppons.com\/servicios\/wp-json\/wp\/v2\/pages\/67\/revisions\/3660"}],"wp:attachment":[{"href":"https:\/\/joseppons.com\/servicios\/wp-json\/wp\/v2\/media?parent=67"}],"curies":[{"name":"wp","href":"https:\/\/api.w.org\/{rel}","templated":true}]}}