{"id":313,"date":"2019-04-03T17:19:54","date_gmt":"2019-04-03T15:19:54","guid":{"rendered":"https:\/\/joseppons.com\/servicios\/?page_id=313"},"modified":"2025-12-24T13:33:48","modified_gmt":"2025-12-24T12:33:48","slug":"procesos-coaching","status":"publish","type":"page","link":"https:\/\/joseppons.com\/servicios\/procesos-coaching\/","title":{"rendered":"Procesos de Coaching"},"content":{"rendered":"\t\t<div data-elementor-type=\"wp-post\" data-elementor-id=\"313\" class=\"elementor elementor-313\" data-elementor-post-type=\"page\">\n\t\t\t\t\t\t<section class=\"elementor-section elementor-top-section elementor-element elementor-element-c013b27 elementor-section-height-min-height elementor-section-items-bottom elementor-section-stretched elementor-section-content-middle elementor-section-boxed elementor-section-height-default\" data-id=\"c013b27\" data-element_type=\"section\" data-settings=\"{&quot;background_background&quot;:&quot;classic&quot;,&quot;shape_divider_bottom&quot;:&quot;tilt&quot;,&quot;stretch_section&quot;:&quot;section-stretched&quot;}\">\n\t\t\t\t\t\t\t<div class=\"elementor-background-overlay\"><\/div>\n\t\t\t\t\t\t<div class=\"elementor-shape elementor-shape-bottom\" aria-hidden=\"true\" data-negative=\"false\">\n\t\t\t<svg xmlns=\"http:\/\/www.w3.org\/2000\/svg\" viewBox=\"0 0 1000 100\" preserveAspectRatio=\"none\">\n\t<path class=\"elementor-shape-fill\" d=\"M0,6V0h1000v100L0,6z\"\/>\n<\/svg>\t\t<\/div>\n\t\t\t\t\t<div class=\"elementor-container elementor-column-gap-default\">\n\t\t\t\t\t<div class=\"elementor-column elementor-col-100 elementor-top-column elementor-element elementor-element-9602560\" data-id=\"9602560\" data-element_type=\"column\">\n\t\t\t<div class=\"elementor-widget-wrap\">\n\t\t\t\t\t\t\t<\/div>\n\t\t<\/div>\n\t\t\t\t\t<\/div>\n\t\t<\/section>\n\t\t\t\t<section class=\"elementor-section elementor-top-section elementor-element elementor-element-4399d4e6 elementor-section-boxed elementor-section-height-default elementor-section-height-default elementor-invisible\" data-id=\"4399d4e6\" data-element_type=\"section\" data-settings=\"{&quot;animation&quot;:&quot;fadeInUp&quot;}\">\n\t\t\t\t\t\t<div class=\"elementor-container elementor-column-gap-no\">\n\t\t\t\t\t<div class=\"elementor-column elementor-col-100 elementor-top-column elementor-element elementor-element-457b9c58\" data-id=\"457b9c58\" data-element_type=\"column\">\n\t\t\t<div class=\"elementor-widget-wrap elementor-element-populated\">\n\t\t\t\t\t\t<div class=\"elementor-element elementor-element-98ded1e elementor-widget elementor-widget-image\" data-id=\"98ded1e\" data-element_type=\"widget\" data-widget_type=\"image.default\">\n\t\t\t\t<div class=\"elementor-widget-container\">\n\t\t\t\t\t\t\t\t\t\t\t\t\t\t\t<img fetchpriority=\"high\" decoding=\"async\" width=\"672\" height=\"570\" src=\"https:\/\/joseppons.com\/servicios\/wp-content\/uploads\/2019\/04\/02-coaching.png\" class=\"attachment-large size-large wp-image-305\" alt=\"\" srcset=\"https:\/\/joseppons.com\/servicios\/wp-content\/uploads\/2019\/04\/02-coaching.png 672w, https:\/\/joseppons.com\/servicios\/wp-content\/uploads\/2019\/04\/02-coaching-600x509.png 600w\" sizes=\"(max-width: 672px) 100vw, 672px\" \/>\t\t\t\t\t\t\t\t\t\t\t\t\t\t\t<\/div>\n\t\t\t\t<\/div>\n\t\t\t\t\t<\/div>\n\t\t<\/div>\n\t\t\t\t\t<\/div>\n\t\t<\/section>\n\t\t\t\t<section class=\"elementor-section elementor-top-section elementor-element elementor-element-11592788 elementor-section-content-middle elementor-section-boxed elementor-section-height-default elementor-section-height-default\" data-id=\"11592788\" data-element_type=\"section\">\n\t\t\t\t\t\t<div class=\"elementor-container elementor-column-gap-wider\">\n\t\t\t\t\t<div class=\"elementor-column elementor-col-50 elementor-top-column elementor-element elementor-element-4ebf86e\" data-id=\"4ebf86e\" data-element_type=\"column\">\n\t\t\t<div class=\"elementor-widget-wrap elementor-element-populated\">\n\t\t\t\t\t\t<div class=\"elementor-element elementor-element-461b0869 elementor-widget elementor-widget-image\" data-id=\"461b0869\" data-element_type=\"widget\" data-widget_type=\"image.default\">\n\t\t\t\t<div class=\"elementor-widget-container\">\n\t\t\t\t\t\t\t\t\t\t\t\t\t\t\t<img decoding=\"async\" width=\"381\" height=\"461\" src=\"https:\/\/joseppons.com\/servicios\/wp-content\/uploads\/2020\/11\/pelo-kerastase-e1606142395134.jpg\" class=\"attachment-large size-large wp-image-1304\" alt=\"\" \/>\t\t\t\t\t\t\t\t\t\t\t\t\t\t\t<\/div>\n\t\t\t\t<\/div>\n\t\t\t\t\t<\/div>\n\t\t<\/div>\n\t\t\t\t<div class=\"elementor-column elementor-col-50 elementor-top-column elementor-element elementor-element-7c08086f\" data-id=\"7c08086f\" data-element_type=\"column\">\n\t\t\t<div class=\"elementor-widget-wrap elementor-element-populated\">\n\t\t\t\t\t\t<div class=\"elementor-element elementor-element-31206e08 elementor-widget elementor-widget-heading\" data-id=\"31206e08\" data-element_type=\"widget\" data-widget_type=\"heading.default\">\n\t\t\t\t<div class=\"elementor-widget-container\">\n\t\t\t\t\t<p class=\"elementor-heading-title elementor-size-default\">La Firma Josep Pons, de la mano de la <em>image coach<\/em> <strong>Ayrin Pons<\/strong>, incorpora programas formativos y contenidos vanguardistas del sector de la imagen personal a trav\u00e9s de procedimientos de <a style=\"text-decoration:underline\" href=\"https:\/\/joseppons.com\/servicios\/asesoria-imagen\/\">asesor\u00eda de imagen<\/a> basados en el coaching como acompa\u00f1amiento. \n<\/p>\t\t\t\t<\/div>\n\t\t\t\t<\/div>\n\t\t\t\t<div class=\"elementor-element elementor-element-3ad088d2 elementor-widget elementor-widget-heading\" data-id=\"3ad088d2\" data-element_type=\"widget\" data-widget_type=\"heading.default\">\n\t\t\t\t<div class=\"elementor-widget-container\">\n\t\t\t\t\t<p class=\"elementor-heading-title elementor-size-default\">Se trata de herramientas orientadas a potenciar la imagen exterior a trav\u00e9s del autoconocimiento y los objetivos personales que permiten desarrollar competencias para aportar un valor a\u00f1adido al <strong>profesional de la imagen personal<\/strong>.<\/p>\t\t\t\t<\/div>\n\t\t\t\t<\/div>\n\t\t\t\t<div class=\"elementor-element elementor-element-961d74b elementor-widget elementor-widget-spacer\" data-id=\"961d74b\" data-element_type=\"widget\" data-widget_type=\"spacer.default\">\n\t\t\t\t<div class=\"elementor-widget-container\">\n\t\t\t\t\t\t\t<div class=\"elementor-spacer\">\n\t\t\t<div class=\"elementor-spacer-inner\"><\/div>\n\t\t<\/div>\n\t\t\t\t\t\t<\/div>\n\t\t\t\t<\/div>\n\t\t\t\t\t<\/div>\n\t\t<\/div>\n\t\t\t\t\t<\/div>\n\t\t<\/section>\n\t\t\t\t<section class=\"elementor-section elementor-top-section elementor-element elementor-element-1b1eb880 elementor-section-stretched elementor-section-boxed elementor-section-height-default elementor-section-height-default\" data-id=\"1b1eb880\" data-element_type=\"section\" data-settings=\"{&quot;background_background&quot;:&quot;classic&quot;,&quot;stretch_section&quot;:&quot;section-stretched&quot;}\">\n\t\t\t\t\t\t<div class=\"elementor-container elementor-column-gap-wider\">\n\t\t\t\t\t<div class=\"elementor-column elementor-col-100 elementor-top-column elementor-element elementor-element-7640aaea\" data-id=\"7640aaea\" data-element_type=\"column\">\n\t\t\t<div class=\"elementor-widget-wrap elementor-element-populated\">\n\t\t\t\t\t\t<div class=\"elementor-element elementor-element-73e45db1 elementor-widget elementor-widget-heading\" data-id=\"73e45db1\" data-element_type=\"widget\" data-widget_type=\"heading.default\">\n\t\t\t\t<div class=\"elementor-widget-container\">\n\t\t\t\t\t<h3 class=\"elementor-heading-title elementor-size-default\">\u00bfEN QU\u00c9 PODEMOS AYUDARTE?<\/h3>\t\t\t\t<\/div>\n\t\t\t\t<\/div>\n\t\t\t\t<div class=\"elementor-element elementor-element-3d6a0fd6 elementor-button-align-center elementor-widget elementor-widget-form\" data-id=\"3d6a0fd6\" data-element_type=\"widget\" data-settings=\"{&quot;step_next_label&quot;:&quot;Next&quot;,&quot;step_previous_label&quot;:&quot;Previous&quot;,&quot;button_width&quot;:&quot;100&quot;,&quot;step_type&quot;:&quot;number_text&quot;,&quot;step_icon_shape&quot;:&quot;circle&quot;}\" data-widget_type=\"form.default\">\n\t\t\t\t<div class=\"elementor-widget-container\">\n\t\t\t\t\t\t\t<form class=\"elementor-form\" method=\"post\" name=\"New Form\" aria-label=\"New Form\">\n\t\t\t<input type=\"hidden\" name=\"post_id\" value=\"313\"\/>\n\t\t\t<input type=\"hidden\" name=\"form_id\" value=\"3d6a0fd6\"\/>\n\t\t\t<input type=\"hidden\" name=\"referer_title\" value=\"Procesos de Coaching - Josep Pons Servicios\" \/>\n\n\t\t\t\t\t\t\t<input type=\"hidden\" name=\"queried_id\" value=\"313\"\/>\n\t\t\t\n\t\t\t<div class=\"elementor-form-fields-wrapper elementor-labels-above\">\n\t\t\t\t\t\t\t\t<div class=\"elementor-field-type-text elementor-field-group elementor-column elementor-field-group-name elementor-col-100\">\n\t\t\t\t\t\t\t\t\t\t\t\t\t<input size=\"1\" type=\"text\" name=\"form_fields[name]\" id=\"form-field-name\" class=\"elementor-field elementor-size-sm  elementor-field-textual\" placeholder=\"NOMBRE\">\n\t\t\t\t\t\t\t\t\t\t\t<\/div>\n\t\t\t\t\t\t\t\t<div class=\"elementor-field-type-text elementor-field-group elementor-column elementor-field-group-37b8019 elementor-col-100\">\n\t\t\t\t\t\t\t\t\t\t\t\t\t<input size=\"1\" type=\"text\" name=\"form_fields[37b8019]\" id=\"form-field-37b8019\" class=\"elementor-field elementor-size-sm  elementor-field-textual\" placeholder=\"APELLIDOS\">\n\t\t\t\t\t\t\t\t\t\t\t<\/div>\n\t\t\t\t\t\t\t\t<div class=\"elementor-field-type-email elementor-field-group elementor-column elementor-field-group-email elementor-col-100 elementor-field-required\">\n\t\t\t\t\t\t\t\t\t\t\t\t\t<input size=\"1\" type=\"email\" name=\"form_fields[email]\" id=\"form-field-email\" class=\"elementor-field elementor-size-sm  elementor-field-textual\" placeholder=\"EMAIL\" required=\"required\">\n\t\t\t\t\t\t\t\t\t\t\t<\/div>\n\t\t\t\t\t\t\t\t<div class=\"elementor-field-type-number elementor-field-group elementor-column elementor-field-group-09c9e32 elementor-col-100 elementor-field-required\">\n\t\t\t\t\t\t\t\t<input type=\"number\" name=\"form_fields[09c9e32]\" id=\"form-field-09c9e32\" class=\"elementor-field elementor-size-sm  elementor-field-textual\" placeholder=\"TEL\u00c9FONO\" required=\"required\" min=\"\" max=\"\" >\n\t\t\t\t\t\t<\/div>\n\t\t\t\t\t\t\t\t<div class=\"elementor-field-type-textarea elementor-field-group elementor-column elementor-field-group-message elementor-col-100\">\n\t\t\t\t\t\t\t\t\t\t\t\t<label for=\"form-field-message\" class=\"elementor-field-label\">\n\t\t\t\t\t\t\t\tConsulta\t\t\t\t\t\t\t<\/label>\n\t\t\t\t\t\t<textarea class=\"elementor-field-textual elementor-field  elementor-size-sm\" name=\"form_fields[message]\" id=\"form-field-message\" rows=\"4\"><\/textarea>\t\t\t\t<\/div>\n\t\t\t\t\t\t\t\t<div class=\"elementor-field-type-acceptance elementor-field-group elementor-column elementor-field-group-33bfc98 elementor-col-100 elementor-field-required\">\n\t\t\t\t\t\t\t<div class=\"elementor-field-subgroup\">\n\t\t\t<span class=\"elementor-field-option\">\n\t\t\t\t<input type=\"checkbox\" name=\"form_fields[33bfc98]\" id=\"form-field-33bfc98\" class=\"elementor-field elementor-size-sm  elementor-acceptance-field\" required=\"required\">\n\t\t\t\t<label for=\"form-field-33bfc98\">He le\u00eddo y acepto la <a href=\"\">pol\u00edtica de privacidad<\/a>.*<\/label>\t\t\t<\/span>\n\t\t<\/div>\n\t\t\t\t\t\t<\/div>\n\t\t\t\t\t\t\t\t<div class=\"elementor-field-group elementor-column elementor-field-type-submit elementor-col-100 e-form__buttons\">\n\t\t\t\t\t<button class=\"elementor-button elementor-size-sm elementor-animation-grow\" type=\"submit\">\n\t\t\t\t\t\t<span class=\"elementor-button-content-wrapper\">\n\t\t\t\t\t\t\t\t\t\t\t\t\t\t\t\t\t\t\t\t\t\t<span class=\"elementor-button-text\">ENVIAR<\/span>\n\t\t\t\t\t\t\t\t\t\t\t\t\t<\/span>\n\t\t\t\t\t<\/button>\n\t\t\t\t<\/div>\n\t\t\t<\/div>\n\t\t<\/form>\n\t\t\t\t\t\t<\/div>\n\t\t\t\t<\/div>\n\t\t\t\t\t<\/div>\n\t\t<\/div>\n\t\t\t\t\t<\/div>\n\t\t<\/section>\n\t\t\t\t<\/div>\n\t\t","protected":false},"excerpt":{"rendered":"<p>La Firma Josep Pons, de la mano de la image coach Ayrin Pons, incorpora programas formativos y contenidos vanguardistas del sector de la imagen personal a trav\u00e9s de procedimientos de asesor\u00eda de imagen basados en el coaching como acompa\u00f1amiento. Se trata de herramientas orientadas a potenciar la imagen exterior a trav\u00e9s del autoconocimiento y los [&hellip;]<\/p>\n","protected":false},"author":2,"featured_media":0,"parent":0,"menu_order":0,"comment_status":"closed","ping_status":"closed","template":"","meta":{"_joinchat":[],"footnotes":""},"class_list":["post-313","page","type-page","status-publish","hentry"],"yoast_head":"<!-- This site is optimized with the Yoast SEO plugin v26.6 - https:\/\/yoast.com\/wordpress\/plugins\/seo\/ -->\n<title>Procesos de Coaching - Josep Pons Servicios<\/title>\n<meta name=\"description\" content=\"Entre todos los servicios que ofrecemos en Josep Pons, el de procesos de coaching con Ayrin Pons es, sin duda, uno de los m\u00e1s solicitados.\" \/>\n<meta name=\"robots\" content=\"index, follow, max-snippet:-1, max-image-preview:large, max-video-preview:-1\" \/>\n<link rel=\"canonical\" href=\"https:\/\/joseppons.com\/servicios\/procesos-coaching\/\" \/>\n<meta property=\"og:locale\" content=\"es_ES\" \/>\n<meta property=\"og:type\" content=\"article\" \/>\n<meta property=\"og:title\" content=\"Procesos de Coaching - Josep Pons Servicios\" \/>\n<meta property=\"og:description\" content=\"Entre todos los servicios que ofrecemos en Josep Pons, el de procesos de coaching con Ayrin Pons es, sin duda, uno de los m\u00e1s solicitados.\" \/>\n<meta property=\"og:url\" content=\"https:\/\/joseppons.com\/servicios\/procesos-coaching\/\" \/>\n<meta property=\"og:site_name\" content=\"Josep Pons Servicios\" \/>\n<meta property=\"article:modified_time\" content=\"2025-12-24T12:33:48+00:00\" \/>\n<meta property=\"og:image\" content=\"https:\/\/joseppons.com\/servicios\/wp-content\/uploads\/2019\/04\/02-coaching.png\" \/>\n\t<meta property=\"og:image:width\" content=\"672\" \/>\n\t<meta property=\"og:image:height\" content=\"570\" \/>\n\t<meta property=\"og:image:type\" content=\"image\/png\" \/>\n<meta name=\"twitter:card\" content=\"summary_large_image\" \/>\n<meta name=\"twitter:label1\" content=\"Tiempo de lectura\" \/>\n\t<meta name=\"twitter:data1\" content=\"1 minuto\" \/>\n<script type=\"application\/ld+json\" class=\"yoast-schema-graph\">{\"@context\":\"https:\/\/schema.org\",\"@graph\":[{\"@type\":\"WebPage\",\"@id\":\"https:\/\/joseppons.com\/servicios\/procesos-coaching\/\",\"url\":\"https:\/\/joseppons.com\/servicios\/procesos-coaching\/\",\"name\":\"Procesos de Coaching - Josep Pons Servicios\",\"isPartOf\":{\"@id\":\"https:\/\/joseppons.com\/servicios\/#website\"},\"primaryImageOfPage\":{\"@id\":\"https:\/\/joseppons.com\/servicios\/procesos-coaching\/#primaryimage\"},\"image\":{\"@id\":\"https:\/\/joseppons.com\/servicios\/procesos-coaching\/#primaryimage\"},\"thumbnailUrl\":\"https:\/\/joseppons.com\/servicios\/wp-content\/uploads\/2019\/04\/02-coaching.png\",\"datePublished\":\"2019-04-03T15:19:54+00:00\",\"dateModified\":\"2025-12-24T12:33:48+00:00\",\"description\":\"Entre todos los servicios que ofrecemos en Josep Pons, el de procesos de coaching con Ayrin Pons es, sin duda, uno de los m\u00e1s solicitados.\",\"breadcrumb\":{\"@id\":\"https:\/\/joseppons.com\/servicios\/procesos-coaching\/#breadcrumb\"},\"inLanguage\":\"es\",\"potentialAction\":[{\"@type\":\"ReadAction\",\"target\":[\"https:\/\/joseppons.com\/servicios\/procesos-coaching\/\"]}]},{\"@type\":\"ImageObject\",\"inLanguage\":\"es\",\"@id\":\"https:\/\/joseppons.com\/servicios\/procesos-coaching\/#primaryimage\",\"url\":\"https:\/\/joseppons.com\/servicios\/wp-content\/uploads\/2019\/04\/02-coaching.png\",\"contentUrl\":\"https:\/\/joseppons.com\/servicios\/wp-content\/uploads\/2019\/04\/02-coaching.png\"},{\"@type\":\"BreadcrumbList\",\"@id\":\"https:\/\/joseppons.com\/servicios\/procesos-coaching\/#breadcrumb\",\"itemListElement\":[{\"@type\":\"ListItem\",\"position\":1,\"name\":\"Portada\",\"item\":\"https:\/\/joseppons.com\/servicios\/\"},{\"@type\":\"ListItem\",\"position\":2,\"name\":\"Procesos de Coaching\"}]},{\"@type\":\"WebSite\",\"@id\":\"https:\/\/joseppons.com\/servicios\/#website\",\"url\":\"https:\/\/joseppons.com\/servicios\/\",\"name\":\"Josep Pons Servicios\",\"description\":\"\",\"publisher\":{\"@id\":\"https:\/\/joseppons.com\/servicios\/#organization\"},\"potentialAction\":[{\"@type\":\"SearchAction\",\"target\":{\"@type\":\"EntryPoint\",\"urlTemplate\":\"https:\/\/joseppons.com\/servicios\/?s={search_term_string}\"},\"query-input\":{\"@type\":\"PropertyValueSpecification\",\"valueRequired\":true,\"valueName\":\"search_term_string\"}}],\"inLanguage\":\"es\"},{\"@type\":\"Organization\",\"@id\":\"https:\/\/joseppons.com\/servicios\/#organization\",\"name\":\"Josep Pons Servicios\",\"url\":\"https:\/\/joseppons.com\/servicios\/\",\"logo\":{\"@type\":\"ImageObject\",\"inLanguage\":\"es\",\"@id\":\"https:\/\/joseppons.com\/servicios\/#\/schema\/logo\/image\/\",\"url\":\"https:\/\/joseppons.com\/servicios\/wp-content\/uploads\/2018\/09\/logo-josep-pons-servicios.svg\",\"contentUrl\":\"https:\/\/joseppons.com\/servicios\/wp-content\/uploads\/2018\/09\/logo-josep-pons-servicios.svg\",\"width\":1322,\"height\":500,\"caption\":\"Josep Pons Servicios\"},\"image\":{\"@id\":\"https:\/\/joseppons.com\/servicios\/#\/schema\/logo\/image\/\"}}]}<\/script>\n<!-- \/ Yoast SEO plugin. -->","yoast_head_json":{"title":"Procesos de Coaching - Josep Pons Servicios","description":"Entre todos los servicios que ofrecemos en Josep Pons, el de procesos de coaching con Ayrin Pons es, sin duda, uno de los m\u00e1s solicitados.","robots":{"index":"index","follow":"follow","max-snippet":"max-snippet:-1","max-image-preview":"max-image-preview:large","max-video-preview":"max-video-preview:-1"},"canonical":"https:\/\/joseppons.com\/servicios\/procesos-coaching\/","og_locale":"es_ES","og_type":"article","og_title":"Procesos de Coaching - Josep Pons Servicios","og_description":"Entre todos los servicios que ofrecemos en Josep Pons, el de procesos de coaching con Ayrin Pons es, sin duda, uno de los m\u00e1s solicitados.","og_url":"https:\/\/joseppons.com\/servicios\/procesos-coaching\/","og_site_name":"Josep Pons Servicios","article_modified_time":"2025-12-24T12:33:48+00:00","og_image":[{"width":672,"height":570,"url":"https:\/\/joseppons.com\/servicios\/wp-content\/uploads\/2019\/04\/02-coaching.png","type":"image\/png"}],"twitter_card":"summary_large_image","twitter_misc":{"Tiempo de lectura":"1 minuto"},"schema":{"@context":"https:\/\/schema.org","@graph":[{"@type":"WebPage","@id":"https:\/\/joseppons.com\/servicios\/procesos-coaching\/","url":"https:\/\/joseppons.com\/servicios\/procesos-coaching\/","name":"Procesos de Coaching - Josep Pons Servicios","isPartOf":{"@id":"https:\/\/joseppons.com\/servicios\/#website"},"primaryImageOfPage":{"@id":"https:\/\/joseppons.com\/servicios\/procesos-coaching\/#primaryimage"},"image":{"@id":"https:\/\/joseppons.com\/servicios\/procesos-coaching\/#primaryimage"},"thumbnailUrl":"https:\/\/joseppons.com\/servicios\/wp-content\/uploads\/2019\/04\/02-coaching.png","datePublished":"2019-04-03T15:19:54+00:00","dateModified":"2025-12-24T12:33:48+00:00","description":"Entre todos los servicios que ofrecemos en Josep Pons, el de procesos de coaching con Ayrin Pons es, sin duda, uno de los m\u00e1s solicitados.","breadcrumb":{"@id":"https:\/\/joseppons.com\/servicios\/procesos-coaching\/#breadcrumb"},"inLanguage":"es","potentialAction":[{"@type":"ReadAction","target":["https:\/\/joseppons.com\/servicios\/procesos-coaching\/"]}]},{"@type":"ImageObject","inLanguage":"es","@id":"https:\/\/joseppons.com\/servicios\/procesos-coaching\/#primaryimage","url":"https:\/\/joseppons.com\/servicios\/wp-content\/uploads\/2019\/04\/02-coaching.png","contentUrl":"https:\/\/joseppons.com\/servicios\/wp-content\/uploads\/2019\/04\/02-coaching.png"},{"@type":"BreadcrumbList","@id":"https:\/\/joseppons.com\/servicios\/procesos-coaching\/#breadcrumb","itemListElement":[{"@type":"ListItem","position":1,"name":"Portada","item":"https:\/\/joseppons.com\/servicios\/"},{"@type":"ListItem","position":2,"name":"Procesos de Coaching"}]},{"@type":"WebSite","@id":"https:\/\/joseppons.com\/servicios\/#website","url":"https:\/\/joseppons.com\/servicios\/","name":"Josep Pons Servicios","description":"","publisher":{"@id":"https:\/\/joseppons.com\/servicios\/#organization"},"potentialAction":[{"@type":"SearchAction","target":{"@type":"EntryPoint","urlTemplate":"https:\/\/joseppons.com\/servicios\/?s={search_term_string}"},"query-input":{"@type":"PropertyValueSpecification","valueRequired":true,"valueName":"search_term_string"}}],"inLanguage":"es"},{"@type":"Organization","@id":"https:\/\/joseppons.com\/servicios\/#organization","name":"Josep Pons Servicios","url":"https:\/\/joseppons.com\/servicios\/","logo":{"@type":"ImageObject","inLanguage":"es","@id":"https:\/\/joseppons.com\/servicios\/#\/schema\/logo\/image\/","url":"https:\/\/joseppons.com\/servicios\/wp-content\/uploads\/2018\/09\/logo-josep-pons-servicios.svg","contentUrl":"https:\/\/joseppons.com\/servicios\/wp-content\/uploads\/2018\/09\/logo-josep-pons-servicios.svg","width":1322,"height":500,"caption":"Josep Pons Servicios"},"image":{"@id":"https:\/\/joseppons.com\/servicios\/#\/schema\/logo\/image\/"}}]}},"_links":{"self":[{"href":"https:\/\/joseppons.com\/servicios\/wp-json\/wp\/v2\/pages\/313","targetHints":{"allow":["GET"]}}],"collection":[{"href":"https:\/\/joseppons.com\/servicios\/wp-json\/wp\/v2\/pages"}],"about":[{"href":"https:\/\/joseppons.com\/servicios\/wp-json\/wp\/v2\/types\/page"}],"author":[{"embeddable":true,"href":"https:\/\/joseppons.com\/servicios\/wp-json\/wp\/v2\/users\/2"}],"replies":[{"embeddable":true,"href":"https:\/\/joseppons.com\/servicios\/wp-json\/wp\/v2\/comments?post=313"}],"version-history":[{"count":22,"href":"https:\/\/joseppons.com\/servicios\/wp-json\/wp\/v2\/pages\/313\/revisions"}],"predecessor-version":[{"id":3654,"href":"https:\/\/joseppons.com\/servicios\/wp-json\/wp\/v2\/pages\/313\/revisions\/3654"}],"wp:attachment":[{"href":"https:\/\/joseppons.com\/servicios\/wp-json\/wp\/v2\/media?parent=313"}],"curies":[{"name":"wp","href":"https:\/\/api.w.org\/{rel}","templated":true}]}}