{"id":10833,"date":"2022-04-12T10:22:16","date_gmt":"2022-04-12T08:22:16","guid":{"rendered":"https:\/\/joseppons.com\/formacion\/?page_id=10833"},"modified":"2022-05-20T14:43:45","modified_gmt":"2022-05-20T12:43:45","slug":"la-escuela-josep-pons","status":"publish","type":"page","link":"https:\/\/joseppons.com\/formacion\/la-escuela-josep-pons\/","title":{"rendered":"LA ESCUELA"},"content":{"rendered":"\t\t<div data-elementor-type=\"wp-page\" data-elementor-id=\"10833\" class=\"elementor elementor-10833\" data-elementor-post-type=\"page\">\n\t\t\t\t\t\t<section class=\"elementor-section elementor-top-section elementor-element elementor-element-a58b945 elementor-section-height-min-height elementor-section-boxed elementor-section-height-default elementor-section-items-middle\" data-id=\"a58b945\" data-element_type=\"section\" data-settings=\"{&quot;background_background&quot;:&quot;classic&quot;,&quot;shape_divider_bottom&quot;:&quot;triangle-asymmetrical&quot;}\">\n\t\t\t\t\t\t\t<div class=\"elementor-background-overlay\"><\/div>\n\t\t\t\t\t\t<div class=\"elementor-shape elementor-shape-bottom\" aria-hidden=\"true\" data-negative=\"false\">\n\t\t\t<svg xmlns=\"http:\/\/www.w3.org\/2000\/svg\" viewBox=\"0 0 1000 100\" preserveAspectRatio=\"none\">\n\t<path class=\"elementor-shape-fill\" d=\"M738,99l262-93V0H0v5.6L738,99z\"\/>\n<\/svg>\t\t<\/div>\n\t\t\t\t\t<div class=\"elementor-container elementor-column-gap-default\">\n\t\t\t\t\t<div class=\"elementor-column elementor-col-100 elementor-top-column elementor-element elementor-element-44397cc\" data-id=\"44397cc\" data-element_type=\"column\">\n\t\t\t<div class=\"elementor-widget-wrap elementor-element-populated\">\n\t\t\t\t\t\t<div class=\"elementor-element elementor-element-4baf035 elementor-widget elementor-widget-heading\" data-id=\"4baf035\" data-element_type=\"widget\" data-widget_type=\"heading.default\">\n\t\t\t\t<div class=\"elementor-widget-container\">\n\t\t\t\t\t<h1 class=\"elementor-heading-title elementor-size-default\">LA ESCUELA<\/h1>\t\t\t\t<\/div>\n\t\t\t\t<\/div>\n\t\t\t\t\t<\/div>\n\t\t<\/div>\n\t\t\t\t\t<\/div>\n\t\t<\/section>\n\t\t\t\t<section class=\"elementor-section elementor-top-section elementor-element elementor-element-1f7cadc elementor-section-boxed elementor-section-height-default elementor-section-height-default\" data-id=\"1f7cadc\" data-element_type=\"section\" data-settings=\"{&quot;background_background&quot;:&quot;classic&quot;,&quot;shape_divider_top&quot;:&quot;triangle-asymmetrical&quot;,&quot;shape_divider_top_negative&quot;:&quot;yes&quot;}\">\n\t\t\t\t\t<div class=\"elementor-shape elementor-shape-top\" aria-hidden=\"true\" data-negative=\"true\">\n\t\t\t<svg xmlns=\"http:\/\/www.w3.org\/2000\/svg\" viewBox=\"0 0 1000 100\" preserveAspectRatio=\"none\">\n\t<path class=\"elementor-shape-fill\" d=\"M737.9,94.7L0,0v100h1000V0L737.9,94.7z\"\/>\n<\/svg>\t\t<\/div>\n\t\t\t\t\t<div class=\"elementor-container elementor-column-gap-default\">\n\t\t\t\t\t<div class=\"elementor-column elementor-col-100 elementor-top-column elementor-element elementor-element-c0264af\" data-id=\"c0264af\" data-element_type=\"column\">\n\t\t\t<div class=\"elementor-widget-wrap elementor-element-populated\">\n\t\t\t\t\t\t<div class=\"elementor-element elementor-element-4bacd88 elementor-widget elementor-widget-heading\" data-id=\"4bacd88\" data-element_type=\"widget\" data-widget_type=\"heading.default\">\n\t\t\t\t<div class=\"elementor-widget-container\">\n\t\t\t\t\t<h4 class=\"elementor-heading-title elementor-size-large\">CICLOS FORMATIVOS DE PELUQUER\u00cdA, EST\u00c9TICA, ASESOR\u00cdA DE IMAGEN Y BARBER\u00cdA<\/h4>\t\t\t\t<\/div>\n\t\t\t\t<\/div>\n\t\t\t\t\t<\/div>\n\t\t<\/div>\n\t\t\t\t\t<\/div>\n\t\t<\/section>\n\t\t\t\t<section class=\"elementor-section elementor-top-section elementor-element elementor-element-a77da65 elementor-section-boxed elementor-section-height-default elementor-section-height-default\" data-id=\"a77da65\" data-element_type=\"section\" data-settings=\"{&quot;background_background&quot;:&quot;classic&quot;}\">\n\t\t\t\t\t\t<div class=\"elementor-container elementor-column-gap-default\">\n\t\t\t\t\t<div class=\"elementor-column elementor-col-50 elementor-top-column elementor-element elementor-element-c54f599\" data-id=\"c54f599\" data-element_type=\"column\">\n\t\t\t<div class=\"elementor-widget-wrap elementor-element-populated\">\n\t\t\t\t\t\t<div class=\"elementor-element elementor-element-ea98014 elementor-widget elementor-widget-text-editor\" data-id=\"ea98014\" data-element_type=\"widget\" data-widget_type=\"text-editor.default\">\n\t\t\t\t<div class=\"elementor-widget-container\">\n\t\t\t\t\t\t\t\t\t<p>Josep Pons es la primera <strong>escuela de formaci\u00f3n en est\u00e9tica<\/strong>, <strong>peluquer\u00eda y asesor\u00eda<\/strong> de imagen de Catalunya.<\/p><p>Nuestras academias <strong>ofrecen Ciclos Formativos de Grado Medio y Grado Superior<\/strong> homologados por la Generalitat, otros programas formativos para alumnos que no puedan optar a la formaci\u00f3n reglada, y cursos de especializaci\u00f3n para profesionales que quieran perfeccionar su t\u00e9cnica.<\/p><p>\u00a0<\/p><p>Situada en el <strong>centro de Barcelona,<\/strong> en la escuela Josep Pons encontrar\u00e1s un factor diferencial: la proximidad con el alumnado.<\/p><p>La vocaci\u00f3n de nuestra empresa, con m\u00e1s de <strong>87 a\u00f1os de trayectoria en el campo<\/strong> de la imagen personal, es <strong>garantizar la excelencia<\/strong> en todo el proceso de ense\u00f1anza de nuestros alumnos a trav\u00e9s de una <strong>metodolog\u00eda propia<\/strong>.<\/p>\t\t\t\t\t\t\t\t<\/div>\n\t\t\t\t<\/div>\n\t\t\t\t\t<\/div>\n\t\t<\/div>\n\t\t\t\t<div class=\"elementor-column elementor-col-50 elementor-top-column elementor-element elementor-element-fd6b3f4\" data-id=\"fd6b3f4\" data-element_type=\"column\">\n\t\t\t<div class=\"elementor-widget-wrap elementor-element-populated\">\n\t\t\t\t\t\t<div class=\"elementor-element elementor-element-6b82582 elementor-widget elementor-widget-image\" data-id=\"6b82582\" data-element_type=\"widget\" data-widget_type=\"image.default\">\n\t\t\t\t<div class=\"elementor-widget-container\">\n\t\t\t\t\t\t\t\t\t\t\t\t\t\t\t<img fetchpriority=\"high\" decoding=\"async\" width=\"683\" height=\"1024\" src=\"https:\/\/joseppons.com\/formacion\/wp-content\/uploads\/2022\/05\/metodologia.jpg\" class=\"attachment-large size-large wp-image-11286\" alt=\"\" \/>\t\t\t\t\t\t\t\t\t\t\t\t\t\t\t<\/div>\n\t\t\t\t<\/div>\n\t\t\t\t\t<\/div>\n\t\t<\/div>\n\t\t\t\t\t<\/div>\n\t\t<\/section>\n\t\t\t\t<section class=\"elementor-section elementor-top-section elementor-element elementor-element-c6b9939 elementor-section-boxed elementor-section-height-default elementor-section-height-default\" data-id=\"c6b9939\" data-element_type=\"section\" data-settings=\"{&quot;background_background&quot;:&quot;classic&quot;}\">\n\t\t\t\t\t\t<div class=\"elementor-container elementor-column-gap-default\">\n\t\t\t\t\t<div class=\"elementor-column elementor-col-100 elementor-top-column elementor-element elementor-element-e87aa89\" data-id=\"e87aa89\" data-element_type=\"column\">\n\t\t\t<div class=\"elementor-widget-wrap elementor-element-populated\">\n\t\t\t\t\t\t<div class=\"elementor-element elementor-element-65ce855 elementor-widget elementor-widget-heading\" data-id=\"65ce855\" data-element_type=\"widget\" data-widget_type=\"heading.default\">\n\t\t\t\t<div class=\"elementor-widget-container\">\n\t\t\t\t\t<h3 class=\"elementor-heading-title elementor-size-large\">Conoce la escuela<\/h3>\t\t\t\t<\/div>\n\t\t\t\t<\/div>\n\t\t\t\t<div class=\"elementor-element elementor-element-53d1902 elementor-widget elementor-widget-heading\" data-id=\"53d1902\" data-element_type=\"widget\" data-widget_type=\"heading.default\">\n\t\t\t\t<div class=\"elementor-widget-container\">\n\t\t\t\t\t<h3 class=\"elementor-heading-title elementor-size-default\">tu escuela de imagen personal<\/h3>\t\t\t\t<\/div>\n\t\t\t\t<\/div>\n\t\t\t\t\t<\/div>\n\t\t<\/div>\n\t\t\t\t\t<\/div>\n\t\t<\/section>\n\t\t\t\t<section class=\"elementor-section elementor-top-section elementor-element elementor-element-00df84e elementor-section-boxed elementor-section-height-default elementor-section-height-default\" data-id=\"00df84e\" data-element_type=\"section\" data-settings=\"{&quot;background_background&quot;:&quot;classic&quot;,&quot;shape_divider_bottom&quot;:&quot;tilt&quot;}\">\n\t\t\t\t\t<div class=\"elementor-shape elementor-shape-bottom\" aria-hidden=\"true\" data-negative=\"false\">\n\t\t\t<svg xmlns=\"http:\/\/www.w3.org\/2000\/svg\" viewBox=\"0 0 1000 100\" preserveAspectRatio=\"none\">\n\t<path class=\"elementor-shape-fill\" d=\"M0,6V0h1000v100L0,6z\"\/>\n<\/svg>\t\t<\/div>\n\t\t\t\t\t<div class=\"elementor-container elementor-column-gap-default\">\n\t\t\t\t\t<div class=\"elementor-column elementor-col-50 elementor-top-column elementor-element elementor-element-ebe4c4c\" data-id=\"ebe4c4c\" data-element_type=\"column\">\n\t\t\t<div class=\"elementor-widget-wrap elementor-element-populated\">\n\t\t\t\t\t\t<div class=\"elementor-element elementor-element-f6cbaf5 elementor-widget elementor-widget-video\" data-id=\"f6cbaf5\" data-element_type=\"widget\" data-settings=\"{&quot;video_type&quot;:&quot;vimeo&quot;}\" data-widget_type=\"video.default\">\n\t\t\t\t<div class=\"elementor-widget-container\">\n\t\t\t\t\t\t\t<div class=\"elementor-wrapper elementor-open-inline\">\n\t\t\t<iframe class=\"elementor-video-iframe\" allowfullscreen allow=\"clipboard-write\" title=\"Reproductor de v\u00eddeo vimeo\" src=\"https:\/\/player.vimeo.com\/video\/384351302?color&amp;autopause=0&amp;loop=0&amp;muted=0&amp;title=0&amp;portrait=0&amp;byline=0&amp;h=104a06ff52#t=\"><\/iframe>\t\t<\/div>\n\t\t\t\t\t\t<\/div>\n\t\t\t\t<\/div>\n\t\t\t\t\t<\/div>\n\t\t<\/div>\n\t\t\t\t<div class=\"elementor-column elementor-col-50 elementor-top-column elementor-element elementor-element-f9f5463\" data-id=\"f9f5463\" data-element_type=\"column\">\n\t\t\t<div class=\"elementor-widget-wrap elementor-element-populated\">\n\t\t\t\t\t\t<div class=\"elementor-element elementor-element-00c8f11 elementor-widget elementor-widget-heading\" data-id=\"00c8f11\" data-element_type=\"widget\" data-widget_type=\"heading.default\">\n\t\t\t\t<div class=\"elementor-widget-container\">\n\t\t\t\t\t<p class=\"elementor-heading-title elementor-size-default\">Disponemos de una amplia oferta formativa adaptada al perfil del alumno y a sus necesidades de formaci\u00f3n que permite definir, escoger y personalizar su carrera acad\u00e9mica dentro del mundo de la imagen.\n<\/p>\t\t\t\t<\/div>\n\t\t\t\t<\/div>\n\t\t\t\t\t<\/div>\n\t\t<\/div>\n\t\t\t\t\t<\/div>\n\t\t<\/section>\n\t\t\t\t<section class=\"elementor-section elementor-top-section elementor-element elementor-element-c474915 elementor-section-boxed elementor-section-height-default elementor-section-height-default\" data-id=\"c474915\" data-element_type=\"section\" data-settings=\"{&quot;background_background&quot;:&quot;classic&quot;}\">\n\t\t\t\t\t\t<div class=\"elementor-container elementor-column-gap-default\">\n\t\t\t\t\t<div class=\"elementor-column elementor-col-100 elementor-top-column elementor-element elementor-element-5e83f65\" data-id=\"5e83f65\" data-element_type=\"column\" data-settings=\"{&quot;background_background&quot;:&quot;classic&quot;}\">\n\t\t\t<div class=\"elementor-widget-wrap elementor-element-populated\">\n\t\t\t\t\t\t<div class=\"elementor-element elementor-element-f17eb74 elementor-widget elementor-widget-heading\" data-id=\"f17eb74\" data-element_type=\"widget\" data-widget_type=\"heading.default\">\n\t\t\t\t<div class=\"elementor-widget-container\">\n\t\t\t\t\t<p class=\"elementor-heading-title elementor-size-default\">Como escuela\u00a0<strong>trabajamos a diario para conseguir un nivel acad\u00e9mico<\/strong> y de conocimientos excelentes que <strong>permita a los alumnos afrontar los retos del mundo laboral con profesionalidad<\/strong>, tener un conocimiento amplio del sector de la imagen personal con una visi\u00f3n coherente de su funcionamiento, posibilidades y retos, y adaptarse a situaciones laborales en las cuales sea necesario el <strong>trabajo cooperativo<\/strong>.\n<\/p>\t\t\t\t<\/div>\n\t\t\t\t<\/div>\n\t\t\t\t\t<\/div>\n\t\t<\/div>\n\t\t\t\t\t<\/div>\n\t\t<\/section>\n\t\t\t\t<\/div>\n\t\t","protected":false},"excerpt":{"rendered":"<p>LA ESCUELA CICLOS FORMATIVOS DE PELUQUER\u00cdA, EST\u00c9TICA, ASESOR\u00cdA DE IMAGEN Y BARBER\u00cdA Josep Pons es la primera escuela de formaci\u00f3n en est\u00e9tica, peluquer\u00eda y asesor\u00eda de imagen de Catalunya. Nuestras academias ofrecen Ciclos Formativos de Grado Medio y Grado Superior homologados por la Generalitat, otros programas formativos para alumnos que no puedan optar a la&#8230;<\/p>\n","protected":false},"author":6,"featured_media":0,"parent":0,"menu_order":0,"comment_status":"closed","ping_status":"closed","template":"elementor_header_footer","meta":{"_joinchat":[],"footnotes":""},"class_list":["post-10833","page","type-page","status-publish","hentry"],"yoast_head":"<!-- This site is optimized with the Yoast SEO plugin v27.5 - https:\/\/yoast.com\/product\/yoast-seo-wordpress\/ -->\n<title>LA ESCUELA - Josep Pons Formaci\u00f3n<\/title>\n<meta name=\"robots\" content=\"index, follow, max-snippet:-1, max-image-preview:large, max-video-preview:-1\" \/>\n<link rel=\"canonical\" href=\"https:\/\/joseppons.com\/formacion\/la-escuela-josep-pons\/\" \/>\n<meta property=\"og:locale\" content=\"es_ES\" \/>\n<meta property=\"og:type\" content=\"article\" \/>\n<meta property=\"og:title\" content=\"LA ESCUELA - Josep Pons Formaci\u00f3n\" \/>\n<meta property=\"og:description\" content=\"LA ESCUELA CICLOS FORMATIVOS DE PELUQUER\u00cdA, EST\u00c9TICA, ASESOR\u00cdA DE IMAGEN Y BARBER\u00cdA Josep Pons es la primera escuela de formaci\u00f3n en est\u00e9tica, peluquer\u00eda y asesor\u00eda de imagen de Catalunya. Nuestras academias ofrecen Ciclos Formativos de Grado Medio y Grado Superior homologados por la Generalitat, otros programas formativos para alumnos que no puedan optar a la...\" \/>\n<meta property=\"og:url\" content=\"https:\/\/joseppons.com\/formacion\/la-escuela-josep-pons\/\" \/>\n<meta property=\"og:site_name\" content=\"Josep Pons Formaci\u00f3n\" \/>\n<meta property=\"article:publisher\" content=\"https:\/\/es-es.facebook.com\/JosepPonsFormacio\/\" \/>\n<meta property=\"article:modified_time\" content=\"2022-05-20T12:43:45+00:00\" \/>\n<meta property=\"og:image\" content=\"https:\/\/joseppons.com\/formacion\/wp-content\/uploads\/2022\/05\/metodologia.jpg\" \/>\n<meta name=\"twitter:card\" content=\"summary_large_image\" \/>\n<meta name=\"twitter:site\" content=\"@josepponsimatge\" \/>\n<meta name=\"twitter:label1\" content=\"Tiempo de lectura\" \/>\n\t<meta name=\"twitter:data1\" content=\"2 minutos\" \/>\n<script type=\"application\/ld+json\" class=\"yoast-schema-graph\">{\"@context\":\"https:\\\/\\\/schema.org\",\"@graph\":[{\"@type\":\"WebPage\",\"@id\":\"https:\\\/\\\/joseppons.com\\\/formacion\\\/la-escuela-josep-pons\\\/\",\"url\":\"https:\\\/\\\/joseppons.com\\\/formacion\\\/la-escuela-josep-pons\\\/\",\"name\":\"LA ESCUELA - Josep Pons Formaci\u00f3n\",\"isPartOf\":{\"@id\":\"https:\\\/\\\/joseppons.com\\\/formacion\\\/#website\"},\"primaryImageOfPage\":{\"@id\":\"https:\\\/\\\/joseppons.com\\\/formacion\\\/la-escuela-josep-pons\\\/#primaryimage\"},\"image\":{\"@id\":\"https:\\\/\\\/joseppons.com\\\/formacion\\\/la-escuela-josep-pons\\\/#primaryimage\"},\"thumbnailUrl\":\"https:\\\/\\\/joseppons.com\\\/formacion\\\/wp-content\\\/uploads\\\/2022\\\/05\\\/metodologia.jpg\",\"datePublished\":\"2022-04-12T08:22:16+00:00\",\"dateModified\":\"2022-05-20T12:43:45+00:00\",\"breadcrumb\":{\"@id\":\"https:\\\/\\\/joseppons.com\\\/formacion\\\/la-escuela-josep-pons\\\/#breadcrumb\"},\"inLanguage\":\"es\",\"potentialAction\":[{\"@type\":\"ReadAction\",\"target\":[\"https:\\\/\\\/joseppons.com\\\/formacion\\\/la-escuela-josep-pons\\\/\"]}]},{\"@type\":\"ImageObject\",\"inLanguage\":\"es\",\"@id\":\"https:\\\/\\\/joseppons.com\\\/formacion\\\/la-escuela-josep-pons\\\/#primaryimage\",\"url\":\"https:\\\/\\\/joseppons.com\\\/formacion\\\/wp-content\\\/uploads\\\/2022\\\/05\\\/metodologia.jpg\",\"contentUrl\":\"https:\\\/\\\/joseppons.com\\\/formacion\\\/wp-content\\\/uploads\\\/2022\\\/05\\\/metodologia.jpg\",\"width\":683,\"height\":1024},{\"@type\":\"BreadcrumbList\",\"@id\":\"https:\\\/\\\/joseppons.com\\\/formacion\\\/la-escuela-josep-pons\\\/#breadcrumb\",\"itemListElement\":[{\"@type\":\"ListItem\",\"position\":1,\"name\":\"Portada\",\"item\":\"https:\\\/\\\/joseppons.com\\\/formacion\\\/\"},{\"@type\":\"ListItem\",\"position\":2,\"name\":\"LA ESCUELA\"}]},{\"@type\":\"WebSite\",\"@id\":\"https:\\\/\\\/joseppons.com\\\/formacion\\\/#website\",\"url\":\"https:\\\/\\\/joseppons.com\\\/formacion\\\/\",\"name\":\"Josep Pons Formaci\u00f3n\",\"description\":\"\",\"publisher\":{\"@id\":\"https:\\\/\\\/joseppons.com\\\/formacion\\\/#organization\"},\"potentialAction\":[{\"@type\":\"SearchAction\",\"target\":{\"@type\":\"EntryPoint\",\"urlTemplate\":\"https:\\\/\\\/joseppons.com\\\/formacion\\\/?s={search_term_string}\"},\"query-input\":{\"@type\":\"PropertyValueSpecification\",\"valueRequired\":true,\"valueName\":\"search_term_string\"}}],\"inLanguage\":\"es\"},{\"@type\":\"Organization\",\"@id\":\"https:\\\/\\\/joseppons.com\\\/formacion\\\/#organization\",\"name\":\"Josep Pons\",\"url\":\"https:\\\/\\\/joseppons.com\\\/formacion\\\/\",\"logo\":{\"@type\":\"ImageObject\",\"inLanguage\":\"es\",\"@id\":\"https:\\\/\\\/joseppons.com\\\/formacion\\\/#\\\/schema\\\/logo\\\/image\\\/\",\"url\":\"https:\\\/\\\/joseppons.com\\\/formacion\\\/wp-content\\\/uploads\\\/2018\\\/09\\\/logotipo-home-josepponsformacio-1.png\",\"contentUrl\":\"https:\\\/\\\/joseppons.com\\\/formacion\\\/wp-content\\\/uploads\\\/2018\\\/09\\\/logotipo-home-josepponsformacio-1.png\",\"width\":420,\"height\":280,\"caption\":\"Josep Pons\"},\"image\":{\"@id\":\"https:\\\/\\\/joseppons.com\\\/formacion\\\/#\\\/schema\\\/logo\\\/image\\\/\"},\"sameAs\":[\"https:\\\/\\\/es-es.facebook.com\\\/JosepPonsFormacio\\\/\",\"https:\\\/\\\/x.com\\\/josepponsimatge\",\"https:\\\/\\\/www.instagram.com\\\/ponsformacion\\\/\"]}]}<\/script>\n<!-- \/ Yoast SEO plugin. -->","yoast_head_json":{"title":"LA ESCUELA - Josep Pons Formaci\u00f3n","robots":{"index":"index","follow":"follow","max-snippet":"max-snippet:-1","max-image-preview":"max-image-preview:large","max-video-preview":"max-video-preview:-1"},"canonical":"https:\/\/joseppons.com\/formacion\/la-escuela-josep-pons\/","og_locale":"es_ES","og_type":"article","og_title":"LA ESCUELA - Josep Pons Formaci\u00f3n","og_description":"LA ESCUELA CICLOS FORMATIVOS DE PELUQUER\u00cdA, EST\u00c9TICA, ASESOR\u00cdA DE IMAGEN Y BARBER\u00cdA Josep Pons es la primera escuela de formaci\u00f3n en est\u00e9tica, peluquer\u00eda y asesor\u00eda de imagen de Catalunya. Nuestras academias ofrecen Ciclos Formativos de Grado Medio y Grado Superior homologados por la Generalitat, otros programas formativos para alumnos que no puedan optar a la...","og_url":"https:\/\/joseppons.com\/formacion\/la-escuela-josep-pons\/","og_site_name":"Josep Pons Formaci\u00f3n","article_publisher":"https:\/\/es-es.facebook.com\/JosepPonsFormacio\/","article_modified_time":"2022-05-20T12:43:45+00:00","og_image":[{"url":"https:\/\/joseppons.com\/formacion\/wp-content\/uploads\/2022\/05\/metodologia.jpg","type":"","width":"","height":""}],"twitter_card":"summary_large_image","twitter_site":"@josepponsimatge","twitter_misc":{"Tiempo de lectura":"2 minutos"},"schema":{"@context":"https:\/\/schema.org","@graph":[{"@type":"WebPage","@id":"https:\/\/joseppons.com\/formacion\/la-escuela-josep-pons\/","url":"https:\/\/joseppons.com\/formacion\/la-escuela-josep-pons\/","name":"LA ESCUELA - Josep Pons Formaci\u00f3n","isPartOf":{"@id":"https:\/\/joseppons.com\/formacion\/#website"},"primaryImageOfPage":{"@id":"https:\/\/joseppons.com\/formacion\/la-escuela-josep-pons\/#primaryimage"},"image":{"@id":"https:\/\/joseppons.com\/formacion\/la-escuela-josep-pons\/#primaryimage"},"thumbnailUrl":"https:\/\/joseppons.com\/formacion\/wp-content\/uploads\/2022\/05\/metodologia.jpg","datePublished":"2022-04-12T08:22:16+00:00","dateModified":"2022-05-20T12:43:45+00:00","breadcrumb":{"@id":"https:\/\/joseppons.com\/formacion\/la-escuela-josep-pons\/#breadcrumb"},"inLanguage":"es","potentialAction":[{"@type":"ReadAction","target":["https:\/\/joseppons.com\/formacion\/la-escuela-josep-pons\/"]}]},{"@type":"ImageObject","inLanguage":"es","@id":"https:\/\/joseppons.com\/formacion\/la-escuela-josep-pons\/#primaryimage","url":"https:\/\/joseppons.com\/formacion\/wp-content\/uploads\/2022\/05\/metodologia.jpg","contentUrl":"https:\/\/joseppons.com\/formacion\/wp-content\/uploads\/2022\/05\/metodologia.jpg","width":683,"height":1024},{"@type":"BreadcrumbList","@id":"https:\/\/joseppons.com\/formacion\/la-escuela-josep-pons\/#breadcrumb","itemListElement":[{"@type":"ListItem","position":1,"name":"Portada","item":"https:\/\/joseppons.com\/formacion\/"},{"@type":"ListItem","position":2,"name":"LA ESCUELA"}]},{"@type":"WebSite","@id":"https:\/\/joseppons.com\/formacion\/#website","url":"https:\/\/joseppons.com\/formacion\/","name":"Josep Pons Formaci\u00f3n","description":"","publisher":{"@id":"https:\/\/joseppons.com\/formacion\/#organization"},"potentialAction":[{"@type":"SearchAction","target":{"@type":"EntryPoint","urlTemplate":"https:\/\/joseppons.com\/formacion\/?s={search_term_string}"},"query-input":{"@type":"PropertyValueSpecification","valueRequired":true,"valueName":"search_term_string"}}],"inLanguage":"es"},{"@type":"Organization","@id":"https:\/\/joseppons.com\/formacion\/#organization","name":"Josep Pons","url":"https:\/\/joseppons.com\/formacion\/","logo":{"@type":"ImageObject","inLanguage":"es","@id":"https:\/\/joseppons.com\/formacion\/#\/schema\/logo\/image\/","url":"https:\/\/joseppons.com\/formacion\/wp-content\/uploads\/2018\/09\/logotipo-home-josepponsformacio-1.png","contentUrl":"https:\/\/joseppons.com\/formacion\/wp-content\/uploads\/2018\/09\/logotipo-home-josepponsformacio-1.png","width":420,"height":280,"caption":"Josep Pons"},"image":{"@id":"https:\/\/joseppons.com\/formacion\/#\/schema\/logo\/image\/"},"sameAs":["https:\/\/es-es.facebook.com\/JosepPonsFormacio\/","https:\/\/x.com\/josepponsimatge","https:\/\/www.instagram.com\/ponsformacion\/"]}]}},"_links":{"self":[{"href":"https:\/\/joseppons.com\/formacion\/wp-json\/wp\/v2\/pages\/10833","targetHints":{"allow":["GET"]}}],"collection":[{"href":"https:\/\/joseppons.com\/formacion\/wp-json\/wp\/v2\/pages"}],"about":[{"href":"https:\/\/joseppons.com\/formacion\/wp-json\/wp\/v2\/types\/page"}],"author":[{"embeddable":true,"href":"https:\/\/joseppons.com\/formacion\/wp-json\/wp\/v2\/users\/6"}],"replies":[{"embeddable":true,"href":"https:\/\/joseppons.com\/formacion\/wp-json\/wp\/v2\/comments?post=10833"}],"version-history":[{"count":0,"href":"https:\/\/joseppons.com\/formacion\/wp-json\/wp\/v2\/pages\/10833\/revisions"}],"wp:attachment":[{"href":"https:\/\/joseppons.com\/formacion\/wp-json\/wp\/v2\/media?parent=10833"}],"curies":[{"name":"wp","href":"https:\/\/api.w.org\/{rel}","templated":true}]}}